{"id":98839,"date":"2017-12-24T13:30:38","date_gmt":"2017-12-24T18:30:38","guid":{"rendered":"http:\/\/www.bibula.com\/?page_id=98839"},"modified":"2023-02-06T18:13:14","modified_gmt":"2023-02-06T23:13:14","slug":"archiwum-bibuly","status":"publish","type":"page","link":"https:\/\/www.bibula.com\/?page_id=98839","title":{"rendered":"Archiwum BIBU\u0141Y"},"content":{"rendered":"\t\t<div data-elementor-type=\"wp-page\" data-elementor-id=\"98839\" class=\"elementor elementor-98839\" data-elementor-post-type=\"page\">\n\t\t\t\t\t\t<section class=\"elementor-section elementor-top-section elementor-element elementor-element-5b2e01b elementor-section-boxed elementor-section-height-default elementor-section-height-default\" data-id=\"5b2e01b\" data-element_type=\"section\" data-settings=\"{&quot;background_background&quot;:&quot;classic&quot;}\">\n\t\t\t\t\t\t<div class=\"elementor-container elementor-column-gap-default\">\n\t\t\t\t\t<div class=\"elementor-column elementor-col-25 elementor-top-column elementor-element elementor-element-8af0a3c\" data-id=\"8af0a3c\" data-element_type=\"column\" data-settings=\"{&quot;background_background&quot;:&quot;classic&quot;}\">\n\t\t\t<div class=\"elementor-widget-wrap\">\n\t\t\t\t\t\t\t<\/div>\n\t\t<\/div>\n\t\t\t\t<div class=\"elementor-column elementor-col-50 elementor-top-column elementor-element elementor-element-0aa6a91\" data-id=\"0aa6a91\" data-element_type=\"column\" data-settings=\"{&quot;background_background&quot;:&quot;classic&quot;}\">\n\t\t\t<div class=\"elementor-widget-wrap elementor-element-populated\">\n\t\t\t\t\t\t<div class=\"elementor-element elementor-element-710d438 elementor-widget elementor-widget-spacer\" data-id=\"710d438\" data-element_type=\"widget\" data-widget_type=\"spacer.default\">\n\t\t\t\t<div class=\"elementor-widget-container\">\n\t\t\t\t\t\t\t<div class=\"elementor-spacer\">\n\t\t\t<div class=\"elementor-spacer-inner\"><\/div>\n\t\t<\/div>\n\t\t\t\t\t\t<\/div>\n\t\t\t\t<\/div>\n\t\t\t\t\t<\/div>\n\t\t<\/div>\n\t\t\t\t<div class=\"elementor-column elementor-col-25 elementor-top-column elementor-element elementor-element-56380cc\" data-id=\"56380cc\" data-element_type=\"column\" data-settings=\"{&quot;background_background&quot;:&quot;classic&quot;}\">\n\t\t\t<div class=\"elementor-widget-wrap\">\n\t\t\t\t\t\t\t<\/div>\n\t\t<\/div>\n\t\t\t\t\t<\/div>\n\t\t<\/section>\n\t\t\t\t<section class=\"elementor-section elementor-top-section elementor-element elementor-element-e37d350 elementor-section-boxed elementor-section-height-default elementor-section-height-default\" data-id=\"e37d350\" data-element_type=\"section\" data-settings=\"{&quot;background_background&quot;:&quot;classic&quot;}\">\n\t\t\t\t\t\t<div class=\"elementor-container elementor-column-gap-default\">\n\t\t\t\t\t<div class=\"elementor-column elementor-col-25 elementor-top-column elementor-element elementor-element-99ce47a\" data-id=\"99ce47a\" data-element_type=\"column\" data-settings=\"{&quot;background_background&quot;:&quot;classic&quot;}\">\n\t\t\t<div class=\"elementor-widget-wrap\">\n\t\t\t\t\t\t\t<\/div>\n\t\t<\/div>\n\t\t\t\t<div class=\"elementor-column elementor-col-50 elementor-top-column elementor-element elementor-element-2f954ba\" data-id=\"2f954ba\" data-element_type=\"column\" data-settings=\"{&quot;background_background&quot;:&quot;classic&quot;}\">\n\t\t\t<div class=\"elementor-widget-wrap elementor-element-populated\">\n\t\t\t\t\t\t<div class=\"elementor-element elementor-element-72bf2f20 elementor-widget elementor-widget-text-editor\" data-id=\"72bf2f20\" data-element_type=\"widget\" data-widget_type=\"text-editor.default\">\n\t\t\t\t<div class=\"elementor-widget-container\">\n\t\t\t\t\t\t\t\t\t<p><span style=\"color: #993300; font-size: 14pt;\"><strong>ARCHIWUM BIBU\u0141Y<\/strong><\/span><\/p>\t\t\t\t\t\t\t\t<\/div>\n\t\t\t\t<\/div>\n\t\t\t\t\t<\/div>\n\t\t<\/div>\n\t\t\t\t<div class=\"elementor-column elementor-col-25 elementor-top-column elementor-element elementor-element-a35798a\" data-id=\"a35798a\" data-element_type=\"column\" data-settings=\"{&quot;background_background&quot;:&quot;classic&quot;}\">\n\t\t\t<div class=\"elementor-widget-wrap\">\n\t\t\t\t\t\t\t<\/div>\n\t\t<\/div>\n\t\t\t\t\t<\/div>\n\t\t<\/section>\n\t\t\t\t<section class=\"elementor-section elementor-top-section elementor-element elementor-element-8c87b3f elementor-section-boxed elementor-section-height-default elementor-section-height-default\" data-id=\"8c87b3f\" data-element_type=\"section\" data-settings=\"{&quot;background_background&quot;:&quot;classic&quot;}\">\n\t\t\t\t\t\t<div class=\"elementor-container elementor-column-gap-default\">\n\t\t\t\t\t<div class=\"elementor-column elementor-col-25 elementor-top-column elementor-element elementor-element-8547925\" data-id=\"8547925\" data-element_type=\"column\" data-settings=\"{&quot;background_background&quot;:&quot;classic&quot;}\">\n\t\t\t<div class=\"elementor-widget-wrap\">\n\t\t\t\t\t\t\t<\/div>\n\t\t<\/div>\n\t\t\t\t<div class=\"elementor-column elementor-col-50 elementor-top-column elementor-element elementor-element-ed9710c\" data-id=\"ed9710c\" data-element_type=\"column\" data-settings=\"{&quot;background_background&quot;:&quot;classic&quot;}\">\n\t\t\t<div class=\"elementor-widget-wrap elementor-element-populated\">\n\t\t\t\t\t\t<div class=\"elementor-element elementor-element-9aae1c9 elementor-widget elementor-widget-html\" data-id=\"9aae1c9\" data-element_type=\"widget\" data-widget_type=\"html.default\">\n\t\t\t\t<div class=\"elementor-widget-container\">\n\t\t\t\t\t    <?php wp_get_archives('type=postbypost&limit=65'); ?>\n\n    <p><a href=\".\/.\/?m=2023\"><strong>Wszystkie wiadomo\u015bci (Archiwum 2023)<\/strong><\/a><\/p>\n    \n    <p><a href=\".\/.\/?m=2022\"><strong>Wszystkie wiadomo\u015bci (Archiwum 2022)<\/strong><\/a><\/p>\n    \n\n    <p><a href=\".\/.\/?m=2021\"><strong>Wszystkie wiadomo\u015bci (Archiwum 2021)<\/strong><\/a><\/p>\n    \n    <p><a href=\".\/.\/?m=2020\"><strong>Wszystkie wiadomo\u015bci (Archiwum 2020)<\/strong><\/a><\/p>\n    \n    <p><a href=\".\/.\/?m=2019\"><strong>Wszystkie wiadomo\u015bci (Archiwum 2019)<\/strong><\/a><\/p>\n    \n    <p><a href=\".\/.\/?m=2018\"><strong>Wszystkie wiadomo\u015bci (Archiwum 2018)<\/strong><\/a><\/p>\n    \n    <p><a href=\".\/.\/?m=2017\"><strong>Wszystkie wiadomo\u015bci (Archiwum 2017)<\/strong><\/a><\/p>\n    \n    <p><a href=\".\/.\/?m=2016\"><strong>Wszystkie wiadomo\u015bci (Archiwum 2016)<\/strong><\/a><\/p>\n    \n    <p><a href=\".\/.\/?m=2015\"><strong>Wszystkie wiadomo\u015bci (Archiwum 2015)<\/strong><\/a><\/p>\n    \n    <p><a href=\".\/.\/?m=2014\"><strong>Wszystkie wiadomo\u015bci (Archiwum 2014)<\/strong><\/a><\/p>\n    \n    <p><a href=\".\/.\/?m=2013\"><strong>Wszystkie wiadomo\u015bci (Archiwum 2013)<\/strong><\/a><\/p>\n    \n    <p><a href=\".\/.\/?m=2012\"><strong>Wszystkie wiadomo\u015bci (Archiwum 2012)<\/strong><\/a><\/p>\n    \n    <p><a href=\".\/.\/?m=2011\"><strong>Wszystkie wiadomo\u015bci (Archiwum 2011)<\/strong><\/a><\/p>\n    \n    <p><a href=\".\/.\/?m=2010\"><strong>Wszystkie wiadomo\u015bci (Archiwum 2010)<\/strong><\/a><\/p>\n    \n    <p><a href=\".\/.\/?m=2009\"><strong>Wszystkie wiadomo\u015bci (Archiwum 2009)<\/strong><\/a><\/p>\n    \n    <p><a href=\".\/.\/?m=2008\"><strong>Wszystkie wiadomo\u015bci (Archiwum 2008)<\/strong><\/a><\/p>\n    \n    <p><a href=\".\/.\/?m=2007\"><strong>Wszystkie wiadomo\u015bci (Archiwum 2007)<\/strong><\/a><\/p>\n    \n    <p><a href=\".\/.\/?m=2006\"><strong>Wszystkie wiadomo\u015bci (Archiwum 2006)<\/strong><\/a><\/p>\n    \n    <p><a href=\".\/.\/?m=2005\"><strong>Wszystkie wiadomo\u015bci (Archiwum 2005)<\/strong><\/a><\/p>\n    \n\t\t\t\t<\/div>\n\t\t\t\t<\/div>\n\t\t\t\t\t<\/div>\n\t\t<\/div>\n\t\t\t\t<div class=\"elementor-column elementor-col-25 elementor-top-column elementor-element elementor-element-8ace693\" data-id=\"8ace693\" data-element_type=\"column\" data-settings=\"{&quot;background_background&quot;:&quot;classic&quot;}\">\n\t\t\t<div class=\"elementor-widget-wrap\">\n\t\t\t\t\t\t\t<\/div>\n\t\t<\/div>\n\t\t\t\t\t<\/div>\n\t\t<\/section>\n\t\t\t\t<section class=\"elementor-section elementor-top-section elementor-element elementor-element-314aa69 elementor-section-boxed elementor-section-height-default elementor-section-height-default\" data-id=\"314aa69\" data-element_type=\"section\" data-settings=\"{&quot;background_background&quot;:&quot;classic&quot;}\">\n\t\t\t\t\t\t<div class=\"elementor-container elementor-column-gap-default\">\n\t\t\t\t\t<div class=\"elementor-column elementor-col-25 elementor-top-column elementor-element elementor-element-2a2094d\" data-id=\"2a2094d\" data-element_type=\"column\" data-settings=\"{&quot;background_background&quot;:&quot;classic&quot;}\">\n\t\t\t<div class=\"elementor-widget-wrap\">\n\t\t\t\t\t\t\t<\/div>\n\t\t<\/div>\n\t\t\t\t<div class=\"elementor-column elementor-col-50 elementor-top-column elementor-element elementor-element-3e04256\" data-id=\"3e04256\" data-element_type=\"column\" data-settings=\"{&quot;background_background&quot;:&quot;classic&quot;}\">\n\t\t\t<div class=\"elementor-widget-wrap elementor-element-populated\">\n\t\t\t\t\t\t<div class=\"elementor-element elementor-element-2c405fa elementor-widget elementor-widget-spacer\" data-id=\"2c405fa\" data-element_type=\"widget\" data-widget_type=\"spacer.default\">\n\t\t\t\t<div class=\"elementor-widget-container\">\n\t\t\t\t\t\t\t<div class=\"elementor-spacer\">\n\t\t\t<div class=\"elementor-spacer-inner\"><\/div>\n\t\t<\/div>\n\t\t\t\t\t\t<\/div>\n\t\t\t\t<\/div>\n\t\t\t\t\t<\/div>\n\t\t<\/div>\n\t\t\t\t<div class=\"elementor-column elementor-col-25 elementor-top-column elementor-element elementor-element-627442a\" data-id=\"627442a\" data-element_type=\"column\" data-settings=\"{&quot;background_background&quot;:&quot;classic&quot;}\">\n\t\t\t<div class=\"elementor-widget-wrap\">\n\t\t\t\t\t\t\t<\/div>\n\t\t<\/div>\n\t\t\t\t\t<\/div>\n\t\t<\/section>\n\t\t\t\t<section class=\"elementor-section elementor-top-section elementor-element elementor-element-f9e3311 elementor-section-boxed elementor-section-height-default elementor-section-height-default\" data-id=\"f9e3311\" data-element_type=\"section\" data-settings=\"{&quot;background_background&quot;:&quot;classic&quot;}\">\n\t\t\t\t\t\t<div class=\"elementor-container elementor-column-gap-default\">\n\t\t\t\t\t<div class=\"elementor-column elementor-col-25 elementor-top-column elementor-element elementor-element-03cda9b\" data-id=\"03cda9b\" data-element_type=\"column\" data-settings=\"{&quot;background_background&quot;:&quot;classic&quot;}\">\n\t\t\t<div class=\"elementor-widget-wrap\">\n\t\t\t\t\t\t\t<\/div>\n\t\t<\/div>\n\t\t\t\t<div class=\"elementor-column elementor-col-50 elementor-top-column elementor-element elementor-element-7e755b2\" data-id=\"7e755b2\" data-element_type=\"column\" data-settings=\"{&quot;background_background&quot;:&quot;classic&quot;}\">\n\t\t\t<div class=\"elementor-widget-wrap elementor-element-populated\">\n\t\t\t\t\t\t<div class=\"elementor-element elementor-element-ffa3dcf elementor-widget elementor-widget-spacer\" data-id=\"ffa3dcf\" data-element_type=\"widget\" data-widget_type=\"spacer.default\">\n\t\t\t\t<div class=\"elementor-widget-container\">\n\t\t\t\t\t\t\t<div class=\"elementor-spacer\">\n\t\t\t<div class=\"elementor-spacer-inner\"><\/div>\n\t\t<\/div>\n\t\t\t\t\t\t<\/div>\n\t\t\t\t<\/div>\n\t\t\t\t\t<\/div>\n\t\t<\/div>\n\t\t\t\t<div class=\"elementor-column elementor-col-25 elementor-top-column elementor-element elementor-element-a61e003\" data-id=\"a61e003\" data-element_type=\"column\" data-settings=\"{&quot;background_background&quot;:&quot;classic&quot;}\">\n\t\t\t<div class=\"elementor-widget-wrap\">\n\t\t\t\t\t\t\t<\/div>\n\t\t<\/div>\n\t\t\t\t\t<\/div>\n\t\t<\/section>\n\t\t\t\t<\/div>\n\t\t","protected":false},"excerpt":{"rendered":"ARCHIWUM BIBU\u0141Y Wszystkie wiadomo\u015bci (Archiwum 2023) Wszystkie wiadomo\u015bci (Archiwum 2022) Wszystkie wiadomo\u015bci (Archiwum 2021) Wszystkie wiadomo\u015bci (Archiwum 2020) Wszystkie wiadomo\u015bci (Archiwum 2019) Wszystkie wiadomo\u015bci (Archiwum 2018) Wszystkie wiadomo\u015bci (Archiwum 2017) Wszystkie wiadomo\u015bci (Archiwum 2016) Wszystkie wiadomo\u015bci (Archiwum 2015) Wszystkie wiadomo\u015bci (Archiwum 2014) Wszystkie wiadomo\u015bci (Archiwum 2013) Wszystkie wiadomo\u015bci (Archiwum 2012) Wszystkie wiadomo\u015bci (Archiwum 2011) Wszystkie [&hellip;]","protected":false},"author":1,"featured_media":0,"parent":0,"menu_order":0,"comment_status":"closed","ping_status":"closed","template":"elementor_theme","meta":{"_acf_changed":false,"_monsterinsights_skip_tracking":false,"_monsterinsights_sitenote_active":false,"_monsterinsights_sitenote_note":"","_monsterinsights_sitenote_category":0,"ngg_post_thumbnail":0,"footnotes":"","_wp_rev_ctl_limit":""},"acf":[],"_links":{"self":[{"href":"https:\/\/www.bibula.com\/index.php?rest_route=\/wp\/v2\/pages\/98839"}],"collection":[{"href":"https:\/\/www.bibula.com\/index.php?rest_route=\/wp\/v2\/pages"}],"about":[{"href":"https:\/\/www.bibula.com\/index.php?rest_route=\/wp\/v2\/types\/page"}],"author":[{"embeddable":true,"href":"https:\/\/www.bibula.com\/index.php?rest_route=\/wp\/v2\/users\/1"}],"replies":[{"embeddable":true,"href":"https:\/\/www.bibula.com\/index.php?rest_route=%2Fwp%2Fv2%2Fcomments&post=98839"}],"version-history":[{"count":5,"href":"https:\/\/www.bibula.com\/index.php?rest_route=\/wp\/v2\/pages\/98839\/revisions"}],"predecessor-version":[{"id":138760,"href":"https:\/\/www.bibula.com\/index.php?rest_route=\/wp\/v2\/pages\/98839\/revisions\/138760"}],"wp:attachment":[{"href":"https:\/\/www.bibula.com\/index.php?rest_route=%2Fwp%2Fv2%2Fmedia&parent=98839"}],"curies":[{"name":"wp","href":"https:\/\/api.w.org\/{rel}","templated":true}]}}